{"id":644,"date":"2018-06-18T14:12:35","date_gmt":"2018-06-18T17:12:35","guid":{"rendered":"https:\/\/ispi4003-sfe.infd.edu.ar\/sitio\/?page_id=644"},"modified":"2021-11-09T19:48:50","modified_gmt":"2021-11-09T22:48:50","slug":"catalogo","status":"publish","type":"page","link":"https:\/\/ispi4003-sfe.infd.edu.ar\/sitio\/catalogo\/","title":{"rendered":"Carreras"},"content":{"rendered":"<p style=\"text-align: justify;\"><strong><span style=\"color: #800080;\">&#8211; PROFESORADO DE EDUCACI\u00d3N INICIAL<\/span><\/strong><\/p>\n<p style=\"text-align: justify;\"><strong>T\u00edtulo que se otorga:<\/strong> Profesor\/a de Educaci\u00f3n Inicial.<\/p>\n<p style=\"text-align: justify;\"><strong>Competencia del t\u00edtulo:<\/strong><\/p>\n<ul style=\"text-align: justify;\">\n<li>T\u00edtulo docente para desempe\u00f1arse en Jardines Maternales y Jardines de Infantes en todo el \u00e1mbito del territorio nacional.<\/li>\n<li>T\u00edtulo habilitante para desempe\u00f1arse como docente en otros niveles del sistema educativo.<\/li>\n<li>T\u00edtulo habilitante para desempe\u00f1arse como personal administrativo en los distintos niveles del sistema educativo.<\/li>\n<\/ul>\n<p style=\"text-align: justify;\"><span style=\"color: #008080;\"><strong>&#8211; PROFESORADO DE EDUCACI\u00d3N PRIMARIA<\/strong><\/span><\/p>\n<p style=\"text-align: justify;\"><strong>T\u00edtulo que se otorga:<\/strong>Profesor\/a de Educaci\u00f3n Primaria.<\/p>\n<p style=\"text-align: justify;\"><strong>Competencia del t\u00edtulo:<\/strong><\/p>\n<ul style=\"text-align: justify;\">\n<li>T\u00edtulo docente para desempe\u00f1arse en todos los a\u00f1os del nivel Primario.<\/li>\n<li>T\u00edtulo habilitante para desempe\u00f1arse como docente en otros niveles del sistema educativo.<\/li>\n<li>T\u00edtulo habilitante para desempe\u00f1arse como personal administrativo en los distintos niveles del sistema educativo.<\/li>\n<\/ul>\n<h3 style=\"text-align: justify;\">El\/la alumno\/a podr\u00e1 optar por cursar uno o dos de los profesorados, ya que poseen asignaturas comunes (tronco com\u00fan) y asignaturas espec\u00edficas de cada carrera.<\/h3>\n<p style=\"text-align: justify;\"><strong><span style=\"text-decoration: underline;\">Plan de estudios<\/span><\/strong><\/p>\n<p style=\"text-align: justify;\"><strong>Primer a\u00f1o<\/strong><\/p>\n<p style=\"text-align: justify;\">TRONCO COM\u00daN<\/p>\n<ul style=\"text-align: justify;\">\n<li>Psicolog\u00eda y Educaci\u00f3n<\/li>\n<li>Movimiento y Cuerpo I<\/li>\n<li>Historia Argentina y Latinoamericana<\/li>\n<li>Pedagog\u00eda<\/li>\n<li>Sociolog\u00eda de la Educaci\u00f3n<\/li>\n<li>Comunicaci\u00f3n y Expresi\u00f3n Oral y Escrita<\/li>\n<li>Taller de Resoluci\u00f3n de Problemas y Creatividad<\/li>\n<li>\u00c1rea Est\u00e9tico-Expresiva I<\/li>\n<\/ul>\n<p style=\"text-align: justify;\">ESPEC\u00cdFICAS DEL PROFESORADO DE EDUCACI\u00d3N INICIAL<\/p>\n<ul style=\"text-align: justify;\">\n<li>Problem\u00e1ticas contempor\u00e1neas de la Educaci\u00f3n Inicial I<\/li>\n<li>Ambiente y Sociedad<\/li>\n<li>Taller de Pr\u00e1ctica I<\/li>\n<\/ul>\n<p style=\"text-align: justify;\">ESPEC\u00cdFICAS DEL PROFESORADO DE EDUCACI\u00d3N PRIMARIA<\/p>\n<ul style=\"text-align: justify;\">\n<li>Problem\u00e1ticas Contempor\u00e1neas de la Educaci\u00f3n Primaria I<\/li>\n<li>Ciencias Naturales para una Cultura Ciudadana<\/li>\n<li>Problem\u00e1ticas de las Ciencias Sociales<\/li>\n<li>Taller de Pr\u00e1ctica I<\/li>\n<\/ul>\n<p style=\"text-align: justify;\"><strong>Segundo a\u00f1o<\/strong><\/p>\n<p style=\"text-align: justify;\">TRONCO COM\u00daN<\/p>\n<ul style=\"text-align: justify;\">\n<li>Did\u00e1ctica General<\/li>\n<li>Movimiento y Cuerpo II<\/li>\n<li>Filosof\u00eda de la Educaci\u00f3n<\/li>\n<li>Conocimiento y Educaci\u00f3n<\/li>\n<\/ul>\n<p style=\"text-align: justify;\">ESPEC\u00cdFICAS DEL PROFESORADO DE EDUCACI\u00d3N INICIAL<\/p>\n<ul style=\"text-align: justify;\">\n<li>Sujeto de la Educaci\u00f3n Inicial<\/li>\n<li>Matem\u00e1tica y su did\u00e1ctica I<\/li>\n<li>Literatura y su did\u00e1ctica<\/li>\n<li>Ciencias Naturales y su did\u00e1ctica<\/li>\n<li>Did\u00e1ctica en la Educaci\u00f3n Inicial I<\/li>\n<li>Taller de Pr\u00e1ctica II<\/li>\n<\/ul>\n<p style=\"text-align: justify;\">ESPEC\u00cdFICAS DEL PROFESORADO DE EDUCACI\u00d3N PRIMARIA<\/p>\n<ul style=\"text-align: justify;\">\n<li>Sujeto de la Educaci\u00f3n Primaria<\/li>\n<li>Matem\u00e1tica y su did\u00e1ctica I<\/li>\n<li>Lengua y su did\u00e1ctica<\/li>\n<li>Ciencias Sociales y su did\u00e1ctica I<\/li>\n<li>Ciencias Naturales y su did\u00e1ctica I<\/li>\n<li>Taller de Pr\u00e1ctica II<\/li>\n<\/ul>\n<p style=\"text-align: justify;\"><strong>Tercer a\u00f1o<\/strong><\/p>\n<p style=\"text-align: justify;\">TRONCO COM\u00daN<\/p>\n<ul style=\"text-align: justify;\">\n<li>Tecnolog\u00edas de la Informaci\u00f3n y la Comunicaci\u00f3n<\/li>\n<li>Historia Social de la Educaci\u00f3n y Pol\u00edtica Educativa Argentina<\/li>\n<li>\u00c1rea Est\u00e9tico-Expresiva II<\/li>\n<li>Alfabetizaci\u00f3n Inicial<\/li>\n<\/ul>\n<p style=\"text-align: justify;\">ESPEC\u00cdFICAS DEL PROFESORADO DE EDUCACI\u00d3N INICIAL<\/p>\n<ul style=\"text-align: justify;\">\n<li>Matem\u00e1tica y su did\u00e1ctica II<\/li>\n<li>Lengua y su did\u00e1ctica<\/li>\n<li>Ciencias Sociales y su did\u00e1ctica<\/li>\n<li>Problem\u00e1ticas Contempor\u00e1neas de la Educaci\u00f3n Inicial II<\/li>\n<li>Espacio de Definici\u00f3n Institucional (E.D.I) I<\/li>\n<li>Espacio de Definici\u00f3n Institucional (E.D.I) II<\/li>\n<li>Did\u00e1ctica en la Educaci\u00f3n Inicial II<\/li>\n<li>Taller de Pr\u00e1ctica III<\/li>\n<\/ul>\n<p style=\"text-align: justify;\">ESPEC\u00cdFICAS DEL PROFESORADO DE EDUCACI\u00d3N PRIMARIA<\/p>\n<ul style=\"text-align: justify;\">\n<li>Matem\u00e1tica y su did\u00e1ctica II<\/li>\n<li>Literatura y su did\u00e1ctica<\/li>\n<li>Ciencias Sociales y su did\u00e1ctica II<\/li>\n<li>Ciencias Naturales y su did\u00e1ctica II<\/li>\n<li>Problem\u00e1ticas Contempor\u00e1neas de la Educaci\u00f3n Primaria II<\/li>\n<li>Espacio de Definici\u00f3n Institucional (E.D.I) I<\/li>\n<li>Espacio de Definici\u00f3n Institucional (E.D.I) II<\/li>\n<li>Taller de Pr\u00e1ctica III<\/li>\n<\/ul>\n<p style=\"text-align: justify;\"><strong>Cuarto a\u00f1o<\/strong><\/p>\n<p style=\"text-align: justify;\">TRONCO COM\u00daN<\/p>\n<ul style=\"text-align: justify;\">\n<li>\u00c9tica-Trabajo Docente- Derechos Humanos y Ciudadan\u00eda<\/li>\n<li>Sexualidad humana y Salud<\/li>\n<\/ul>\n<p style=\"text-align: justify;\">ESPEC\u00cdFICAS DEL PROFESORADO DE EDUCACI\u00d3N INICIAL<\/p>\n<ul style=\"text-align: justify;\">\n<li>Taller de Pr\u00e1ctica IV<\/li>\n<li>Ateneos de:\n<ul>\n<li>Ambiente y Sociedad<\/li>\n<li>Lengua y Literatura<\/li>\n<li>Formaci\u00f3n \u00c9tica y Ciudadana<\/li>\n<li>Matem\u00e1tica<\/li>\n<\/ul>\n<\/li>\n<\/ul>\n<p style=\"text-align: justify;\">ESPEC\u00cdFICAS DEL PROFESORADO DE EDUCACI\u00d3N PRIMARIA<\/p>\n<ul style=\"text-align: justify;\">\n<li>Taller de Pr\u00e1ctica IV<\/li>\n<li>Ateneos de:\n<ul>\n<li>Matem\u00e1tica<\/li>\n<li>Ciencias Naturales<\/li>\n<li>Ciencias Sociales<\/li>\n<li>Lengua y Literatura<\/li>\n<li>Formaci\u00f3n \u00c9tica y Ciudadana<\/li>\n<\/ul>\n<\/li>\n<\/ul>\n<p style=\"text-align: justify;\"><span style=\"color: #3c53b7;\"><strong>TECNICATURA SUPERIOR EN GESTI\u00d3N INDUSTRIAL<\/strong><\/span><\/p>\n<p style=\"text-align: justify;\"><strong><span style=\"text-decoration: underline;\">T\u00edtulo que ofrece: T\u00e9cnico\/a Superior en Gesti\u00f3n Industrial<\/span><\/strong><\/p>\n<p style=\"text-align: justify;\"><strong><span style=\"text-decoration: underline;\">DESTINATARIOS:<\/span><\/strong><\/p>\n<p>Egresados de Escuelas Secundarias Orientadas y T\u00e9cnicas.<\/p>\n<p>Egresados de otras tecnicaturas: Gesti\u00f3n Empresaria, Administraci\u00f3n de Empresas y otra afines.<\/p>\n<p>Personal de Organizaciones Industriales, Comerciales, Financieras y de Servicios.<\/p>\n<p>PERFIL DEL EGRESADO\/A<\/p>\n<p>Esta titulaci\u00f3n capacita a la persona en diversos conocimientos, habilidades, destrezas, valores y actitudes en situaciones reales de trabajo, conforme a criterios de profesionalidad propios del \u00e1rea y responsabilidad social al:<\/p>\n<p>\u00abPlanificar, organizar, dirigir, ejecutar y controlar las operaciones relacionadas con la administraci\u00f3n de los recursos humanos, las finanzas, la comercializaci\u00f3n, la producci\u00f3n, las compras, las ventas, las cobranzas y los pagos, y la administraci\u00f3n en general de la organizaci\u00f3n, teniendo en cuenta las normas de higiene y seguridad en el trabajo, medioambiente en el marco de la gesti\u00f3n de la calidad\u00bb.<\/p>\n<p>\u00abObtener datos internos y externos para elaborar informaci\u00f3n, analizarla e interpretarla para su utilizaci\u00f3n en la toma de decisiones, el control de gesti\u00f3n y el control patrimonial de la organizaci\u00f3n en la industria, y para la elaboraci\u00f3n de informes requeridos por terceros\u00bb.<\/p>\n<p>\u00abInteractuar con los diferentes roles ocupacionales y \u00e1reas organizacionales,\u00a0mediante un trabajo en equipo de car\u00e1cter cooperativo, con capacidad para negociar, argumentar y articular propuestas, necesidades y expectativas\u00bb.<\/p>\n<p>\u00abGenerar propuestas innovadoras y\/o emprendimientos productivos propios del \u00e1mbito de la gesti\u00f3n comercial e industrial\u00bb.<\/p>\n<p><strong>PLAN DE ESTUDIOS<\/strong><\/p>\n<p><strong>PRIMER A\u00d1O<\/strong><\/p>\n<ul>\n<li>Comunicaci\u00f3n<\/li>\n<li>Unidad de Definici\u00f3n Institucional I<\/li>\n<li>Econom\u00eda<\/li>\n<li>Matem\u00e1tica y Estad\u00edstica<\/li>\n<li>Contabilidad y Finanzas<\/li>\n<li>Inform\u00e1tica<\/li>\n<li>Administraci\u00f3n<\/li>\n<li>Estrategia Empresarial<\/li>\n<li>Planificaci\u00f3n y Control de la Producci\u00f3n<\/li>\n<li>Gesti\u00f3n del Talento Humano<\/li>\n<li>Gesti\u00f3n de Costos<\/li>\n<\/ul>\n<p>SEGUNDO A\u00d1O<\/p>\n<ul>\n<li>Problem\u00e1ticas Socio Contempor\u00e1neas<\/li>\n<li>Unidad de Definici\u00f3n Institucional II<\/li>\n<li><span style=\"font-size: inherit;\">Innovaci\u00f3n y Desarrollo Emprendedor<\/span><\/li>\n<li>Gesti\u00f3n de la Calidad<\/li>\n<li>Log\u00edstica y Gesti\u00f3n de la Cadena de Abastecimiento<\/li>\n<li>Gesti\u00f3n de Comercializaci\u00f3n e Investigaci\u00f3n Comercial<\/li>\n<li>Ingl\u00e9s T\u00e9cnico<\/li>\n<li>Gesti\u00f3n Contables<\/li>\n<li>Pr\u00e1cticas Profesionalizantes I<\/li>\n<\/ul>\n<p>TERCER A\u00d1O<\/p>\n<ul>\n<li>Gesti\u00f3n de Seguridad Salud Ocupacional y Medio Ambiente<\/li>\n<li>\u00c9tica y Responsabilidad Social<\/li>\n<li>Legislaci\u00f3n Laboral<\/li>\n<li>Gesti\u00f3n del Mantenimiento Industrial<\/li>\n<li>Sistema de Informaci\u00f3n para la Gesti\u00f3n de Empresa<\/li>\n<li>Gesti\u00f3n Financiera<\/li>\n<li>Evaluaci\u00f3n y Gesti\u00f3n de Proyectos de Inversi\u00f3n<\/li>\n<li>Control de Gesti\u00f3n<\/li>\n<li>Pr\u00e1cticas Profesionalizantes II<\/li>\n<\/ul>\n","protected":false},"excerpt":{"rendered":"<p>&#8211; PROFESORADO DE EDUCACI\u00d3N INICIAL T\u00edtulo que se otorga: Profesor\/a de Educaci\u00f3n Inicial. Competencia del t\u00edtulo: T\u00edtulo docente para desempe\u00f1arse en Jardines Maternales y Jardines de Infantes en todo el \u00e1mbito del territorio nacional. T\u00edtulo habilitante para desempe\u00f1arse como docente en otros niveles del sistema educativo. T\u00edtulo habilitante para desempe\u00f1arse como personal administrativo en los &#8230; <a title=\"Carreras\" class=\"read-more\" href=\"https:\/\/ispi4003-sfe.infd.edu.ar\/sitio\/catalogo\/\" aria-label=\"More on Carreras\">[+]<\/a><\/p>\n","protected":false},"author":1,"featured_media":0,"parent":0,"menu_order":0,"comment_status":"closed","ping_status":"closed","template":"","meta":[],"acf":[],"_links":{"self":[{"href":"https:\/\/ispi4003-sfe.infd.edu.ar\/sitio\/wp-json\/wp\/v2\/pages\/644"}],"collection":[{"href":"https:\/\/ispi4003-sfe.infd.edu.ar\/sitio\/wp-json\/wp\/v2\/pages"}],"about":[{"href":"https:\/\/ispi4003-sfe.infd.edu.ar\/sitio\/wp-json\/wp\/v2\/types\/page"}],"author":[{"embeddable":true,"href":"https:\/\/ispi4003-sfe.infd.edu.ar\/sitio\/wp-json\/wp\/v2\/users\/1"}],"replies":[{"embeddable":true,"href":"https:\/\/ispi4003-sfe.infd.edu.ar\/sitio\/wp-json\/wp\/v2\/comments?post=644"}],"version-history":[{"count":9,"href":"https:\/\/ispi4003-sfe.infd.edu.ar\/sitio\/wp-json\/wp\/v2\/pages\/644\/revisions"}],"predecessor-version":[{"id":862,"href":"https:\/\/ispi4003-sfe.infd.edu.ar\/sitio\/wp-json\/wp\/v2\/pages\/644\/revisions\/862"}],"wp:attachment":[{"href":"https:\/\/ispi4003-sfe.infd.edu.ar\/sitio\/wp-json\/wp\/v2\/media?parent=644"}],"curies":[{"name":"wp","href":"https:\/\/api.w.org\/{rel}","templated":true}]}}